{"id":267,"date":"2012-11-20T11:13:12","date_gmt":"2012-11-20T10:13:12","guid":{"rendered":"http:\/\/elblogdejoseblasfernandez.com\/?page_id=267"},"modified":"2024-04-10T02:26:24","modified_gmt":"2024-04-10T00:26:24","slug":"curriculum-2","status":"publish","type":"page","link":"https:\/\/elblogdejoseblasfernandez.com\/?page_id=267","title":{"rendered":"Curriculum Vitae"},"content":{"rendered":"\t\t<div data-elementor-type=\"wp-page\" data-elementor-id=\"267\" class=\"elementor elementor-267\" data-elementor-settings=\"{&quot;ha_cmc_init_switcher&quot;:&quot;no&quot;}\" data-elementor-post-type=\"page\">\n\t\t\t\t<div class=\"elementor-element elementor-element-5e15a15 e-flex e-con-boxed e-con e-parent\" data-id=\"5e15a15\" data-element_type=\"container\" data-e-type=\"container\" data-settings=\"{&quot;_ha_eqh_enable&quot;:false}\">\n\t\t\t\t\t<div class=\"e-con-inner\">\n\t\t\t\t<div class=\"elementor-element elementor-element-dd33814 elementor-widget elementor-widget-heading\" data-id=\"dd33814\" data-element_type=\"widget\" data-e-type=\"widget\" data-widget_type=\"heading.default\">\n\t\t\t\t<div class=\"elementor-widget-container\">\n\t\t\t\t\t<h2 class=\"elementor-heading-title elementor-size-default\">curriculum vitae<\/h2>\t\t\t\t<\/div>\n\t\t\t\t<\/div>\n\t\t\t\t\t<\/div>\n\t\t\t\t<\/div>\n\t\t<div class=\"elementor-element elementor-element-7bdda2c8 e-flex e-con-boxed e-con e-parent\" data-id=\"7bdda2c8\" data-element_type=\"container\" data-e-type=\"container\" data-settings=\"{&quot;_ha_eqh_enable&quot;:false}\">\n\t\t\t\t\t<div class=\"e-con-inner\">\n\t\t\t\t<div class=\"elementor-element elementor-element-6fceec8e elementor-widget elementor-widget-text-editor\" data-id=\"6fceec8e\" data-element_type=\"widget\" data-e-type=\"widget\" data-widget_type=\"text-editor.default\">\n\t\t\t\t<div class=\"elementor-widget-container\">\n\t\t\t\t\t\t\t\t\t<ul><li>Natural de C\u00e1diz, casado, con dos hijos y curs\u00f3 los estudios de <strong>Bachillerato<\/strong> en el Colegio \u201cSan Felipe Neri\u201d (Marianistas) de C\u00e1diz.<\/li><li style=\"margin-top: 7px;\"><strong>Graduado Social por la Universidad de Granada<\/strong>.<\/li><li style=\"margin-top: 7px;\"><strong>Licenciado en Ciencias del Trabajo por la Universidad Internacional de Catalu\u00f1a<\/strong>.<\/li><li style=\"margin-top: 7px;\"><strong>T\u00e9cnico Superior en Relaciones Industriales por la Universidad de Alcal\u00e1 de Henares<\/strong>.<\/li><li style=\"margin-top: 7px;\"><strong>Diplomado en Procedimiento Laboral por la Escuela de Pr\u00e1ctica Jur\u00eddica \u201cRafael Mart\u00ednez Emperador\u201d<\/strong>.<\/li><li style=\"margin-top: 7px;\"><strong>Auditor Socio Laboral por la Universidad de C\u00e1diz<\/strong>.<\/li><li style=\"margin-top: 7px;\"><strong>Ejerce la profesi\u00f3n de Graduado Social y como tal jurista y profesional libre, en su propio despacho laboralista desde 1.969 junto a otros profesionales del mundo del Derecho<\/strong>.<\/li><li style=\"margin-top: 7px;\"><strong>Fue cofundador del Excmo. Colegio Oficial de Graduados Sociales de C\u00e1diz-Ceuta<\/strong> en 1.971, ostentando desde esa fecha la Secretaria General hasta el 27 de marzo de 1.980.<\/li><li style=\"margin-top: 7px;\"><strong>Desde el 10 de abril de 1980 es Presidente del Excmo. Colegio Oficial de Graduados Sociales de C\u00e1diz-Ceuta<\/strong>, continuando en la actualidad.<\/li><li style=\"margin-top: 7px;\">Desde 1982 est\u00e1 en posesi\u00f3n de la Medalla Colectiva de Oro al M\u00e9rito en el Trabajo.<\/li><li style=\"margin-top: 7px;\">Es Caballero de la Orden de San Juan Bautista.<\/li><li style=\"margin-top: 7px;\">Desde 2007 est\u00e1 en posesi\u00f3n de la <strong>Cruz Distinguida de Primera Clase de la Orden de San Raimundo de Pe\u00f1afort<\/strong>.<\/li><li style=\"margin-top: 7px;\">Desde 2012 est\u00e1 en posesi\u00f3n de la<strong> Cruz de Honor de la Orden de San Raimundo de Pe\u00f1afort<\/strong>.<\/li><li style=\"margin-top: 7px;\">Est\u00e1 en posesi\u00f3n de las <strong>Medallas de Bronce, Plata y Oro<\/strong> del Excmo. Colegio Oficial de Graduados Sociales de C\u00e1diz-Ceuta.<\/li><li style=\"margin-top: 7px;\">Est\u00e1 en posesi\u00f3n de la <strong>Medalla de Oro al M\u00e9rito Colegial del Consejo General de Colegios Oficiales de Graduados Sociales de Espa\u00f1a<\/strong>.<\/li><li style=\"margin-top: 7px;\">Est\u00e1 en posesi\u00f3n de la <strong>Medalla de Oro al M\u00e9rito Profesional del Excmo. Colegio Oficial de Graduados Sociales de C\u00f3rdoba<\/strong>.<\/li><li style=\"margin-top: 7px;\"><strong>Est\u00e1 en posesi\u00f3n de la Cruz al M\u00e9rito Pro-Justicia Social del Excmo. Colegio Oficial de Graduados Sociales de Madrid, as\u00ed como el Olivo de Plata de dicho Colegio<\/strong>.<\/li><li style=\"margin-top: 7px;\"><strong>Es Presidente de Honor del Excmo. Colegio Oficial de Graduados Sociales de Pontevedra<\/strong>.<\/li><li style=\"margin-top: 7px;\">Fue uno de los progenitores de la inclusi\u00f3n de la figura procesal del Graduado Social en la Ley Org\u00e1nica del Poder Judicial, con inclusi\u00f3n de la Toga y restantes derechos y obligaciones al igual que Abogados y Procuradores.<\/li><li style=\"margin-top: 7px;\">Fue uno de los progenitores de la creaci\u00f3n en C\u00e1diz de la <strong>Escuela Universitaria de Graduado Social<\/strong>, hoy Facultad de Ciencias del Trabajo, por Decreto 205\/1990, de 3 de Julio, siendo Consejero de Educaci\u00f3n y Ciencia, en funciones, Antonio Pascual Acosta, Presidente de la Junta de Andaluc\u00eda en funciones, Jos\u00e9 Rodriguez de la Borboya y Camoyan y Rector de la Universidad de C\u00e1diz, Jos\u00e9 Luis Romero Palanco.<\/li><li style=\"margin-top: 7px;\"><strong>Desde 1990 a 1998 ocup\u00f3 la Vice-Presidencia del Consejo General de Colegios Oficiales de Graduados Sociales de Espa\u00f1a<\/strong>.<\/li><li style=\"margin-top: 7px;\">Desde el 28 de junio de 1.999 hasta Diciembre de 2.002, fue Presidente de la Federaci\u00f3n Europea de Profesiones Jur\u00eddico-Laborales.<\/li><li style=\"margin-top: 7px;\"><strong>Desde 1998 hasta el a\u00f1o 2002 ostent\u00f3 la Presidencia del Consejo General de Colegios Oficiales de Graduados Sociales de Espa\u00f1a y durante su mandato pueden destacarse los siguientes logros<\/strong>:<br \/><div style=\"height: 10px;\">\u00a0<\/div><p style=\"text-align: justify;\">a) Particip\u00f3 en diversas Comisiones de Trabajo con el entonces Gobierno de la Naci\u00f3n para la puesta en marcha del denominado \u201cPacto por la Justicia\u201d.<br \/>b) Consigui\u00f3 el <strong>2\u00ba Ciclo Universitario para los Estudios de Relaciones Laborales denominado \u201cLicenciatura en Ciencias del Trabajo\u201d<\/strong>.<br \/>c) Adquiri\u00f3 durante su mandato y por primera vez la actual Sede en propiedad para el Consejo General (C\/ Rafael Calvo, n\u00ba 7 \u2013Madrid-), consiguiendo que su inauguraci\u00f3n fuese realizada por el entonces Presidente del Gobierno, Excmo. Sr. D. Jos\u00e9 M\u00aa Aznar y varios Ministros de su gabinete.<br \/>d) Consigui\u00f3 incluir la figura del Asesor Fiscal sin exclusividad de ninguna otra profesi\u00f3n en la Ley General Tributaria.<br \/>e) Consigui\u00f3 incluir la <strong>figura procesal del Graduado Social en la Ley Concursal<\/strong>.<br \/>f) Implant\u00f3 durante su mandato el primer C\u00f3digo Deontol\u00f3gico para la profesi\u00f3n.<br \/>g) Consigui\u00f3 con el Consejo General del Poder Judicial llevar a cabo un Convenio en el que una Comisi\u00f3n Mixta, formada por miembros de ambos Consejos, velaran por los distintos aspectos de la Formaci\u00f3n, cuestiones del Orden Jurisdiccional-Social y temas que afectan al colectivo, con seguimiento expreso de la figura procesal en las jurisdicciones en las que act\u00fae el Graduado Social. As\u00ed como, consigui\u00f3 crear las bases y poner en marcha los \u201c<strong>Encuentros con el Consejo General del Poder Judicial<\/strong>\u201d, que actualmente est\u00e1n consolidados.<br \/>h) Consigui\u00f3 la participaci\u00f3n del Consejo General de Colegios Of. de Graduados Sociales de Espa\u00f1a en todos los trabajos llevados a cabo por el Ministerio de Justicia para la \u201cModernizaci\u00f3n de la Justicia en Espa\u00f1a\u201d.<br \/>i) Consigui\u00f3 que la figura del Graduado Social se incluyera en el acto de entrega de despachos de nuevos Jueces.<br \/>j) Consigui\u00f3 la presencia del Consejo General de Colegios Of. Graduados Sociales de Espa\u00f1a en la apertura del a\u00f1o Judicial que anualmente preside Su Majestad el Rey.<br \/>k) Consigui\u00f3 la presencia del Consejo General de Colegios Of. de Graduados Sociales de Espa\u00f1a dentro de la Escuela de Verano del Poder Judicial.<\/p><\/li><li style=\"margin-top: 7px;\">El 16 de diciembre de 2011 fue nombrado por unanimidad <strong>Presidente de Honor del Excmo. Consejo General Colegios Of. Graduados Sociales de Espa\u00f1a<\/strong>.<\/li><li style=\"margin-top: 7px;\">Es Consejero y miembro Nato del Consejo General de Colegios Oficiales de Graduados Sociales de Espa\u00f1a desde 1980, lo que le hace ser el miembro m\u00e1s antiguo de dicho Consejo y, por tanto, <strong>el Decano de todos los Presidentes de Espa\u00f1a<\/strong>.<\/li><li style=\"margin-top: 7px;\"><strong>Presidente de la Comisi\u00f3n Gestora para la creaci\u00f3n del Consejo Andaluz de Colegios Oficiales de Graduados Sociales, desde el 27-06-2007 al 14-11-2008 y autor de los Estatutos del mismo<\/strong>.<\/li><li style=\"margin-top: 7px;\">Recibi\u00f3 el <strong>2\u00ba Premio Extraordinario de la Comisi\u00f3n Permanente Estatal de Estudiantes de Relaciones Laborales\/Graduado Social. (1.998)<\/strong>.<\/li><li style=\"margin-top: 7px;\">Posee diversos trabajos monogr\u00e1ficos y escritos sobre temas sociales, laborales, jur\u00eddicos, de seguridad social, etc\u2026, que afectan directamente al mundo del Derecho.<\/li><li style=\"margin-top: 7px;\">Colaborador en varias revistas profesionales sobre el Derecho del Trabajo y Seguridad Social.<\/li><li style=\"margin-top: 7px;\">Es Presidente de la Asociaci\u00f3n Provincial de Empleadores de Profesiones Liberales de C\u00e1diz <strong>(APROLEM), desde su creaci\u00f3n el 31 de Mayo de 1983 y contin\u00faa<\/strong>.<\/li><li style=\"margin-top: 7px;\">Es miembro Nato de la Junta Directiva de la Confederaci\u00f3n de Empresarios de C\u00e1diz.<\/li><li style=\"margin-top: 7px;\">Ha sido Concejal del Excmo. Ayuntamiento de C\u00e1diz desde 1983\u00a0 hasta Junio de 2015.<\/li><li style=\"margin-top: 7px;\">Ha sido Primer Teniente de Alcalde del Excmo. Ayuntamiento de C\u00e1diz y Delegado de Hacienda, Patrimonio, Personal y R\u00e9gimen Interior de dicha Corporaci\u00f3n municipal, desde Mayo de 1995 hasta Junio de 2015, siendo el Concejal m\u00e1s antiguo de esta Capital elegido en 1.983.<\/li><li style=\"margin-top: 7px;\">Ha sido Diputado Provincial desde 1.991 hasta el a\u00f1o 2.000.<\/li><li style=\"margin-top: 7px;\">Fue Hermano Mayor y Vice-Hermano Mayor de la Cofrad\u00eda del Sant\u00edsimo Cristo de La Piedad y Mar\u00eda Sant\u00edsima de Las L\u00e1grimas y Hermano de la misma desde 1963 y contin\u00faa, as\u00ed como Vocal del Consejo Supremo de Caballeros Hospitalarios de San Juan Bautista.<\/li><li style=\"margin-top: 7px;\">Pregonero de la Semana Santa de C\u00e1diz del a\u00f1o 2012.<\/li><li style=\"margin-top: 7px;\">Ha sido Presidente de los Consejos de Administraci\u00f3n de la Empresa Municipal de Aparcamientos S.A., y de El\u00e9ctrica de C\u00e1diz S.A., desde Mayo de 1995 hasta Junio de 2015 y en la actualidad es Consejero de los mismos y contin\u00faa.<\/li><li style=\"margin-top: 7px;\"><strong>Es Presidente de la ASOCIACI\u00d3N ESPA\u00d1OLA DE GRADUADOS SOCIALES AUT\u00d3NOMOS (AEGA), de \u00e1mbito nacional, desde 1 de Mayo de 2007 y contin\u00faa<\/strong>.<\/li><li style=\"margin-top: 7px;\"><strong>Es miembro de n\u00famero de la Asociaci\u00f3n Iberoamericana de Derecho del Trabajo desde el 15 de Agosto de 1978<\/strong>.<\/li><li style=\"margin-top: 7px;\"><strong>Es miembro Fundador y de n\u00famero de la Asociaci\u00f3n Iberoamericana de Derecho del Trabajo y Seguridad Social (filial Espa\u00f1ola) desde el 30 de Diciembre de 1982<\/strong>.<\/li><li style=\"margin-top: 7px;\"><strong>Fundador y Director de la Escuela de Pr\u00e1ctica Jur\u00eddica-Laboral \u201cRafael Mart\u00ednez Emperador\u201d, del Excmo. Colegio Oficial de Graduados Sociales de C\u00e1diz-Ceuta<\/strong>.<\/li><li style=\"margin-top: 7px;\">Fue Consejero General de CAJASOL (Caja de Ahorros).<\/li><li style=\"margin-top: 7px;\">Ha sido miembro Nato de la Asociaci\u00f3n Uni\u00f3n Profesional (\u00f3rgano supremo que representa a todas las profesiones Colegiadas de Espa\u00f1a).<\/li><li style=\"margin-top: 7px;\">Ha sido<strong> Senador en la C\u00e1mara Alta<\/strong> por la Provincia de C\u00e1diz en las <strong>Legislaturas VII, VIII y X (doce a\u00f1os)<\/strong>, por lo que por su condici\u00f3n de Parlamentario en dicha C\u00e1mara Alta ha sido Portavoz de la Comisi\u00f3n de Empleo y Seguridad Social, Vice-portavoz en la Comisi\u00f3n de Hacienda, Vocal y Vice-portavoz en la Comisi\u00f3n de Trabajo y Asuntos Sociales y de la Comisi\u00f3n de Prevenci\u00f3n de Riesgos Laborales, Vocal de la Comisi\u00f3n de Justicia, Vocal de la Comisi\u00f3n de Econom\u00eda y Hacienda y miembro de la Comisi\u00f3n Especial de Enfermedades raras. Su trabajo parlamentario le ha hecho participar en varias ponencias para elaborar diversos textos legislativos, siendo ponente de los <strong>siguientes Proyectos de Ley: \u201cProyecto de Ley por el que se aprueban medidas fiscales urgentes de est\u00edmulo al ahorro familiar y a la peque\u00f1a y mediana empresa\u201d, \u201cProyecto de Ley de Reforma de la Ley 39\/1988, de 28 de Diciembre, Reguladora de las Haciendas Locales\u201d, \u201cProyecto de Ley del Patrimonio de las Administraciones P\u00fablicas\u201d, \u201cProyecto de Ley de Disposiciones en Materia de Seguridad Social\u201d, \u201cProyecto de Ley de Presupuestos\u201d y \u201cLey de Medidas Fiscales y de Orden Social (Ley de Acompa\u00f1amiento)\u201d, \u201cPonente de la Proposici\u00f3n de Ley para la inclusi\u00f3n de los Trabajadores Aut\u00f3nomos en el Consejo Econ\u00f3mico y Social\u201d (C.E.S), Ley del Estatuto del Trabajador Aut\u00f3nomo, Ley de la Reforma de la Seguridad Social, Proyecto de Ley de Presupuestos Generales del Estado desde 1.996 hasta 2007<\/strong>. En la X Legislatura lleg\u00f3 a participar y ser ponente en 32 Proyectos de Ley, destacando la Reforma Laboral de 2012 y de la Seguridad Social, as\u00ed como del Proyecto de Ley de Reforma de la Ley Hipotecar\u00eda y la Ley Org\u00e1nica 10\/1995, del C\u00f3digo Penal en materia de transparencia y lucha contra el fraude fiscal en la Seguridad Social.<\/li><li style=\"margin-top: 7px;\">Miembro de la Comisi\u00f3n para la Conmemoraci\u00f3n del Centenario del Nacimiento de la Seguridad Social en Espa\u00f1a, designaci\u00f3n directa por el Ministro de Trabajo.<\/li><li style=\"margin-top: 7px;\">Posee el Premio PREVER de Oro 1999 y 2001 del Consejo General de Titulados Superiores en Relaciones Industriales.<\/li><li style=\"text-align: justify; margin-top: 7px;\">Tiene concedida, por el Consejo Gral. de Relaciones Industriales y Licenciados en Ciencias del Trabajo, <strong>la Cruz de los Servicios Distinguidos en las Relaciones Industriales y las Ciencias del Trabajo<\/strong>.<br \/><br \/><p style=\"text-align: right;\"><strong><br \/>C\u00e1diz &#8211; 2017<\/strong><\/p><\/li><\/ul>\t\t\t\t\t\t\t\t<\/div>\n\t\t\t\t<\/div>\n\t\t\t\t\t<\/div>\n\t\t\t\t<\/div>\n\t\t\t\t<\/div>\n\t\t","protected":false},"excerpt":{"rendered":"<p>curriculum vitae Natural de C\u00e1diz, casado, con dos hijos y curs\u00f3 los estudios de Bachillerato en el Colegio \u201cSan Felipe Neri\u201d (Marianistas) de C\u00e1diz. Graduado Social por la Universidad de Granada. Licenciado en Ciencias del Trabajo por la Universidad Internacional de Catalu\u00f1a. T\u00e9cnico Superior en Relaciones Industriales por la Universidad de Alcal\u00e1 de Henares. Diplomado [&hellip;]<\/p>\n","protected":false},"author":1,"featured_media":0,"parent":0,"menu_order":2,"comment_status":"closed","ping_status":"closed","template":"","meta":{"footnotes":""},"class_list":["post-267","page","type-page","status-publish","hentry"],"_links":{"self":[{"href":"https:\/\/elblogdejoseblasfernandez.com\/index.php?rest_route=\/wp\/v2\/pages\/267","targetHints":{"allow":["GET"]}}],"collection":[{"href":"https:\/\/elblogdejoseblasfernandez.com\/index.php?rest_route=\/wp\/v2\/pages"}],"about":[{"href":"https:\/\/elblogdejoseblasfernandez.com\/index.php?rest_route=\/wp\/v2\/types\/page"}],"author":[{"embeddable":true,"href":"https:\/\/elblogdejoseblasfernandez.com\/index.php?rest_route=\/wp\/v2\/users\/1"}],"replies":[{"embeddable":true,"href":"https:\/\/elblogdejoseblasfernandez.com\/index.php?rest_route=%2Fwp%2Fv2%2Fcomments&post=267"}],"version-history":[{"count":51,"href":"https:\/\/elblogdejoseblasfernandez.com\/index.php?rest_route=\/wp\/v2\/pages\/267\/revisions"}],"predecessor-version":[{"id":4315,"href":"https:\/\/elblogdejoseblasfernandez.com\/index.php?rest_route=\/wp\/v2\/pages\/267\/revisions\/4315"}],"wp:attachment":[{"href":"https:\/\/elblogdejoseblasfernandez.com\/index.php?rest_route=%2Fwp%2Fv2%2Fmedia&parent=267"}],"curies":[{"name":"wp","href":"https:\/\/api.w.org\/{rel}","templated":true}]}}